{"id":71,"date":"2025-09-28T20:30:49","date_gmt":"2025-09-28T23:30:49","guid":{"rendered":"https:\/\/camellubrificantes.com\/?page_id=71"},"modified":"2025-09-28T23:42:34","modified_gmt":"2025-09-29T02:42:34","slug":"principal","status":"publish","type":"page","link":"https:\/\/camellubrificantes.com\/","title":{"rendered":"Principal"},"content":{"rendered":"\t\t<div data-elementor-type=\"wp-page\" data-elementor-id=\"71\" class=\"elementor elementor-71\">\n\t\t\t\t<div class=\"elementor-element elementor-element-262d0c6c e-flex e-con-boxed e-con e-parent\" data-id=\"262d0c6c\" data-element_type=\"container\">\n\t\t\t\t\t<div class=\"e-con-inner\">\n\t\t\t\t<div class=\"elementor-element elementor-element-4dd275b7 elementor-drop-cap-yes elementor-drop-cap-view-default elementor-widget elementor-widget-text-editor\" data-id=\"4dd275b7\" data-element_type=\"widget\" data-settings=\"{&quot;drop_cap&quot;:&quot;yes&quot;}\" data-widget_type=\"text-editor.default\">\n\t\t\t\t\t\t\t\t\t\n<div class=\"wp-block-columns is-layout-flex wp-container-core-columns-is-layout-28f84493 wp-block-columns-is-layout-flex\">\n<div class=\"wp-block-column is-layout-flow wp-block-column-is-layout-flow\">\n<figure class=\"wp-block-image size-full\"><img fetchpriority=\"high\" decoding=\"async\" width=\"427\" height=\"446\" class=\"wp-image-77\" src=\"https:\/\/camellubrificantes.com\/wp-content\/uploads\/2025\/09\/Captura-de-tela-2025-09-28-182235-1.png\" alt=\"\" srcset=\"https:\/\/camellubrificantes.com\/wp-content\/uploads\/2025\/09\/Captura-de-tela-2025-09-28-182235-1.png 427w, https:\/\/camellubrificantes.com\/wp-content\/uploads\/2025\/09\/Captura-de-tela-2025-09-28-182235-1-287x300.png 287w, https:\/\/camellubrificantes.com\/wp-content\/uploads\/2025\/09\/Captura-de-tela-2025-09-28-182235-1-230x240.png 230w, https:\/\/camellubrificantes.com\/wp-content\/uploads\/2025\/09\/Captura-de-tela-2025-09-28-182235-1-350x366.png 350w\" sizes=\"(max-width: 427px) 100vw, 427px\" \/><\/figure>\n<\/div>\n\n<div class=\"wp-block-column is-layout-flow wp-block-column-is-layout-flow\">\n<p>A Camel \u00e9 uma empresa com 30 anos de trajet\u00f3ria no mercado automotivo, orgulhosamente eleita 16 vezes como a melhor troca de \u00f3leo do Amazonas. Nossa hist\u00f3ria come\u00e7ou na ic\u00f4nica Avenida Brasil e, h\u00e1 15 anos, estabelecemos nosso lar no Distrito Industrial. Somos movidos pela paix\u00e3o por autom\u00f3veis e pelo compromisso de fornecer servi\u00e7os excepcionais de troca de \u00f3leo e cuidados automotivos para nossos clientes. Junte-se a n\u00f3s para uma experi\u00eancia inigual\u00e1vel em manuten\u00e7\u00e3o veicular.<\/p>\n<\/div>\n<\/div>\n\n<p>\u00a0<\/p>\n\n<p>\u00a0<\/p>\n\t\t\t\t\t\t\t\t<\/div>\n\t\t\t\t\t<\/div>\n\t\t\t\t<\/div>\n\t\t<div class=\"elementor-element elementor-element-4c262ea e-flex e-con-boxed e-con e-parent\" data-id=\"4c262ea\" data-element_type=\"container\">\n\t\t\t\t\t<div class=\"e-con-inner\">\n\t\t\t\t<div class=\"elementor-element elementor-element-2f3c503 elementor-widget elementor-widget-heading\" data-id=\"2f3c503\" data-element_type=\"widget\" data-widget_type=\"heading.default\">\n\t\t\t\t\t<h2 class=\"elementor-heading-title elementor-size-default\">Nossos Servi\u00e7os<\/h2>\t\t\t\t<\/div>\n\t\t\t\t\t<\/div>\n\t\t\t\t<\/div>\n\t\t<div class=\"elementor-element elementor-element-5834dba e-grid e-con-full e-con e-parent\" data-id=\"5834dba\" data-element_type=\"container\">\n\t\t<div class=\"elementor-element elementor-element-24e17f3 e-grid e-con-full e-con e-child\" data-id=\"24e17f3\" data-element_type=\"container\" data-settings=\"{&quot;background_background&quot;:&quot;classic&quot;}\">\n\t\t\t\t<div class=\"elementor-element elementor-element-ffd88ea elementor-widget elementor-widget-image\" data-id=\"ffd88ea\" data-element_type=\"widget\" data-widget_type=\"image.default\">\n\t\t\t\t\t\t\t\t\t\t\t\t\t\t\t<img decoding=\"async\" width=\"502\" height=\"407\" src=\"https:\/\/camellubrificantes.com\/wp-content\/uploads\/2025\/09\/Captura-de-tela-2025-01-30-151814.png\" class=\"attachment-large size-large wp-image-81\" alt=\"\" srcset=\"https:\/\/camellubrificantes.com\/wp-content\/uploads\/2025\/09\/Captura-de-tela-2025-01-30-151814.png 502w, https:\/\/camellubrificantes.com\/wp-content\/uploads\/2025\/09\/Captura-de-tela-2025-01-30-151814-300x243.png 300w, https:\/\/camellubrificantes.com\/wp-content\/uploads\/2025\/09\/Captura-de-tela-2025-01-30-151814-230x186.png 230w, https:\/\/camellubrificantes.com\/wp-content\/uploads\/2025\/09\/Captura-de-tela-2025-01-30-151814-350x284.png 350w, https:\/\/camellubrificantes.com\/wp-content\/uploads\/2025\/09\/Captura-de-tela-2025-01-30-151814-480x389.png 480w\" sizes=\"(max-width: 502px) 100vw, 502px\" \/>\t\t\t\t\t\t\t\t\t\t\t\t\t\t\t<\/div>\n\t\t\t\t<div class=\"elementor-element elementor-element-125f017 elementor-widget elementor-widget-text-editor\" data-id=\"125f017\" data-element_type=\"widget\" data-widget_type=\"text-editor.default\">\n\t\t\t\t\t\t\t\t\t<h3><strong>\u00d3leos Industriais<\/strong><\/h3>\n<div>\n<div class=\"DF_utQ _682gpw _0xkaeQ\">\n<div class=\"aF9o6Q _0yZ6Qg\">\n<div>\n<div class=\"E8yZTA\">\n<div>\n<div class=\"_2UyCZQ vkN2Cw e1_zQg\" lang=\"pt-BR\">\n<p class=\"J4GZTQ\"><span class=\"a_GcMg\">lubrificantes projetados para atender \u00e0s demandas espec\u00edficas de m\u00e1quinas e equipamentos industriais, minimizando o atrito e desgaste.<\/span><\/p>\n<\/div>\n<\/div>\n<\/div>\n<\/div>\n<\/div>\n<\/div>\n<\/div>\n<div>\n<div class=\"DF_utQ _682gpw _0xkaeQ\">\n<div class=\"aF9o6Q _0yZ6Qg\">\n<div>\n<div class=\"E8yZTA\">\n<div>\n<div class=\"_2UyCZQ vkN2Cw e1_zQg\" lang=\"pt-BR\">\u00a0<\/div>\n<\/div>\n<\/div>\n<\/div>\n<\/div>\n<\/div>\n<\/div>\t\t\t\t\t\t\t\t<\/div>\n\t\t\t\t<\/div>\n\t\t<div class=\"elementor-element elementor-element-a58a923 e-grid e-con-full e-con e-child\" data-id=\"a58a923\" data-element_type=\"container\" data-settings=\"{&quot;background_background&quot;:&quot;classic&quot;}\">\n\t\t\t\t<div class=\"elementor-element elementor-element-d4618fb elementor-widget elementor-widget-image\" data-id=\"d4618fb\" data-element_type=\"widget\" data-widget_type=\"image.default\">\n\t\t\t\t\t\t\t\t\t\t\t\t\t\t\t<img decoding=\"async\" width=\"506\" height=\"392\" src=\"https:\/\/camellubrificantes.com\/wp-content\/uploads\/2025\/09\/Captura-de-tela-2025-09-28-220855.png\" class=\"attachment-large size-large wp-image-91\" alt=\"\" srcset=\"https:\/\/camellubrificantes.com\/wp-content\/uploads\/2025\/09\/Captura-de-tela-2025-09-28-220855.png 506w, https:\/\/camellubrificantes.com\/wp-content\/uploads\/2025\/09\/Captura-de-tela-2025-09-28-220855-300x232.png 300w, https:\/\/camellubrificantes.com\/wp-content\/uploads\/2025\/09\/Captura-de-tela-2025-09-28-220855-230x178.png 230w, https:\/\/camellubrificantes.com\/wp-content\/uploads\/2025\/09\/Captura-de-tela-2025-09-28-220855-350x271.png 350w, https:\/\/camellubrificantes.com\/wp-content\/uploads\/2025\/09\/Captura-de-tela-2025-09-28-220855-480x372.png 480w\" sizes=\"(max-width: 506px) 100vw, 506px\" \/>\t\t\t\t\t\t\t\t\t\t\t\t\t\t\t<\/div>\n\t\t\t\t<div class=\"elementor-element elementor-element-3b568b1 elementor-widget elementor-widget-text-editor\" data-id=\"3b568b1\" data-element_type=\"widget\" data-widget_type=\"text-editor.default\">\n\t\t\t\t\t\t\t\t\t<h3><span style=\"color: #011e11; font-family: YAFdJl3zAt0_0, _fb_, auto; font-size: 23.9999px; font-weight: 800; text-align: center;\">\u00d3leos Automotivos<\/span><\/h3>\n<p class=\"J4GZTQ\"><span class=\"a_GcMg\">lubrificantes essenciais para motores de ve\u00edculos, reduzindo o atrito interno e garantindo o bom funcionamento do motor.<\/span><\/p>\t\t\t\t\t\t\t\t<\/div>\n\t\t\t\t<\/div>\n\t\t<div class=\"elementor-element elementor-element-d11580b e-grid e-con-full e-con e-child\" data-id=\"d11580b\" data-element_type=\"container\" data-settings=\"{&quot;background_background&quot;:&quot;classic&quot;}\">\n\t\t\t\t<div class=\"elementor-element elementor-element-77983e8 elementor-widget elementor-widget-image\" data-id=\"77983e8\" data-element_type=\"widget\" data-widget_type=\"image.default\">\n\t\t\t\t\t\t\t\t\t\t\t\t\t\t\t<img loading=\"lazy\" decoding=\"async\" width=\"506\" height=\"397\" src=\"https:\/\/camellubrificantes.com\/wp-content\/uploads\/2025\/09\/Captura-de-tela-2025-09-28-221320.png\" class=\"attachment-large size-large wp-image-92\" alt=\"\" srcset=\"https:\/\/camellubrificantes.com\/wp-content\/uploads\/2025\/09\/Captura-de-tela-2025-09-28-221320.png 506w, https:\/\/camellubrificantes.com\/wp-content\/uploads\/2025\/09\/Captura-de-tela-2025-09-28-221320-300x235.png 300w, https:\/\/camellubrificantes.com\/wp-content\/uploads\/2025\/09\/Captura-de-tela-2025-09-28-221320-230x180.png 230w, https:\/\/camellubrificantes.com\/wp-content\/uploads\/2025\/09\/Captura-de-tela-2025-09-28-221320-350x275.png 350w, https:\/\/camellubrificantes.com\/wp-content\/uploads\/2025\/09\/Captura-de-tela-2025-09-28-221320-480x377.png 480w\" sizes=\"(max-width: 506px) 100vw, 506px\" \/>\t\t\t\t\t\t\t\t\t\t\t\t\t\t\t<\/div>\n\t\t\t\t<div class=\"elementor-element elementor-element-ddcd2a4 elementor-widget elementor-widget-text-editor\" data-id=\"ddcd2a4\" data-element_type=\"widget\" data-widget_type=\"text-editor.default\">\n\t\t\t\t\t\t\t\t\t<h3>Graxas de todos os tipos<\/h3>\n<p>lubrificantes espessos usados para proteger e prolongar a vida \u00fatil de componentes mec\u00e2nicos, reduzindo o atrito e a corros\u00e3o em ambientes industriais<\/p>\t\t\t\t\t\t\t\t<\/div>\n\t\t\t\t<\/div>\n\t\t\t\t<\/div>\n\t\t<div class=\"elementor-element elementor-element-316160b e-flex e-con-boxed e-con e-parent\" data-id=\"316160b\" data-element_type=\"container\">\n\t\t\t\t\t<div class=\"e-con-inner\">\n\t\t\t\t<div class=\"elementor-element elementor-element-b00f36f elementor-widget elementor-widget-heading\" data-id=\"b00f36f\" data-element_type=\"widget\" data-widget_type=\"heading.default\">\n\t\t\t\t\t<h2 class=\"elementor-heading-title elementor-size-default\">Mais Servi\u00e7os: C\u00e2mbio Autom\u00e1tico<\/h2>\t\t\t\t<\/div>\n\t\t\t\t\t<\/div>\n\t\t\t\t<\/div>\n\t\t<div class=\"elementor-element elementor-element-5bf9a05 e-grid e-con-full e-con e-parent\" data-id=\"5bf9a05\" data-element_type=\"container\">\n\t\t<div class=\"elementor-element elementor-element-be2c4f2 e-grid e-con-full e-con e-child\" data-id=\"be2c4f2\" data-element_type=\"container\" data-settings=\"{&quot;background_background&quot;:&quot;classic&quot;}\">\n\t\t\t\t<div class=\"elementor-element elementor-element-3385b21 elementor-widget elementor-widget-image\" data-id=\"3385b21\" data-element_type=\"widget\" data-widget_type=\"image.default\">\n\t\t\t\t\t\t\t\t\t\t\t\t\t\t\t<img loading=\"lazy\" decoding=\"async\" width=\"350\" height=\"276\" src=\"https:\/\/camellubrificantes.com\/wp-content\/uploads\/2025\/09\/Captura-de-tela-2025-09-28-222514.png\" class=\"attachment-sydney-service-thumb size-sydney-service-thumb wp-image-105\" alt=\"\" srcset=\"https:\/\/camellubrificantes.com\/wp-content\/uploads\/2025\/09\/Captura-de-tela-2025-09-28-222514.png 350w, https:\/\/camellubrificantes.com\/wp-content\/uploads\/2025\/09\/Captura-de-tela-2025-09-28-222514-300x237.png 300w, https:\/\/camellubrificantes.com\/wp-content\/uploads\/2025\/09\/Captura-de-tela-2025-09-28-222514-230x181.png 230w\" sizes=\"(max-width: 350px) 100vw, 350px\" \/>\t\t\t\t\t\t\t\t\t\t\t\t\t\t\t<\/div>\n\t\t\t\t<div class=\"elementor-element elementor-element-f6c884f elementor-widget elementor-widget-text-editor\" data-id=\"f6c884f\" data-element_type=\"widget\" data-widget_type=\"text-editor.default\">\n\t\t\t\t\t\t\t\t\t<h3>Troca de \u00f3leo de C\u00e2mbio Autom\u00e1tico<\/h3>\n<ul class=\"JS2Zuw\">\n<li class=\"XN6uKA hhtymQ _28USrA AfeL7g OMps6g _4N4NA\">\n<p class=\"J4GZTQ\"><span class=\"a_GcMg\">Troca completa de c\u00e2mbio autom\u00e1tico convencional.<\/span><\/p>\n<\/li>\n<li class=\"XN6uKA hhtymQ _28USrA AfeL7g OMps6g\">\n<p class=\"J4GZTQ\"><span class=\"a_GcMg\">Troca completa de c\u00e2mbio autom\u00e1tico CVT.<\/span><\/p>\n<\/li>\n<li class=\"XN6uKA hhtymQ _28USrA AfeL7g OMps6g\">\n<p class=\"J4GZTQ\"><span class=\"a_GcMg\">Troca completa de c\u00e2mbio automatizado.<\/span><\/p>\n<\/li>\n<\/ul>\t\t\t\t\t\t\t\t<\/div>\n\t\t\t\t<\/div>\n\t\t\t\t<\/div>\n\t\t<div class=\"elementor-element elementor-element-a2cfb41 e-flex e-con-boxed e-con e-parent\" data-id=\"a2cfb41\" data-element_type=\"container\">\n\t\t\t\t\t<div class=\"e-con-inner\">\n\t\t\t\t<div class=\"elementor-element elementor-element-58be2bf elementor-widget elementor-widget-image\" data-id=\"58be2bf\" data-element_type=\"widget\" data-widget_type=\"image.default\">\n\t\t\t\t\t\t\t\t\t\t\t\t\t\t\t<img loading=\"lazy\" decoding=\"async\" width=\"1024\" height=\"508\" src=\"https:\/\/camellubrificantes.com\/wp-content\/uploads\/2025\/09\/Captura-de-tela-2025-09-28-223042-1024x508.png\" class=\"attachment-large size-large wp-image-109\" alt=\"\" srcset=\"https:\/\/camellubrificantes.com\/wp-content\/uploads\/2025\/09\/Captura-de-tela-2025-09-28-223042-1024x508.png 1024w, https:\/\/camellubrificantes.com\/wp-content\/uploads\/2025\/09\/Captura-de-tela-2025-09-28-223042-300x149.png 300w, https:\/\/camellubrificantes.com\/wp-content\/uploads\/2025\/09\/Captura-de-tela-2025-09-28-223042-768x381.png 768w, https:\/\/camellubrificantes.com\/wp-content\/uploads\/2025\/09\/Captura-de-tela-2025-09-28-223042-1000x496.png 1000w, https:\/\/camellubrificantes.com\/wp-content\/uploads\/2025\/09\/Captura-de-tela-2025-09-28-223042-230x114.png 230w, https:\/\/camellubrificantes.com\/wp-content\/uploads\/2025\/09\/Captura-de-tela-2025-09-28-223042-350x174.png 350w, https:\/\/camellubrificantes.com\/wp-content\/uploads\/2025\/09\/Captura-de-tela-2025-09-28-223042-480x238.png 480w, https:\/\/camellubrificantes.com\/wp-content\/uploads\/2025\/09\/Captura-de-tela-2025-09-28-223042.png 1120w\" sizes=\"(max-width: 1024px) 100vw, 1024px\" \/>\t\t\t\t\t\t\t\t\t\t\t\t\t\t\t<\/div>\n\t\t\t\t\t<\/div>\n\t\t\t\t<\/div>\n\t\t<div class=\"elementor-element elementor-element-0c8e7d2 e-flex e-con-boxed e-con e-parent\" data-id=\"0c8e7d2\" data-element_type=\"container\">\n\t\t\t\t\t<div class=\"e-con-inner\">\n\t\t\t\t<div class=\"elementor-element elementor-element-68f9bda elementor-widget elementor-widget-image\" data-id=\"68f9bda\" data-element_type=\"widget\" data-widget_type=\"image.default\">\n\t\t\t\t\t\t\t\t\t\t\t\t\t\t\t<img loading=\"lazy\" decoding=\"async\" width=\"956\" height=\"246\" src=\"https:\/\/camellubrificantes.com\/wp-content\/uploads\/2025\/09\/Captura-de-tela-2025-09-28-223545.png\" class=\"attachment-large size-large wp-image-122\" alt=\"\" srcset=\"https:\/\/camellubrificantes.com\/wp-content\/uploads\/2025\/09\/Captura-de-tela-2025-09-28-223545.png 956w, https:\/\/camellubrificantes.com\/wp-content\/uploads\/2025\/09\/Captura-de-tela-2025-09-28-223545-300x77.png 300w, https:\/\/camellubrificantes.com\/wp-content\/uploads\/2025\/09\/Captura-de-tela-2025-09-28-223545-768x198.png 768w, https:\/\/camellubrificantes.com\/wp-content\/uploads\/2025\/09\/Captura-de-tela-2025-09-28-223545-230x59.png 230w, https:\/\/camellubrificantes.com\/wp-content\/uploads\/2025\/09\/Captura-de-tela-2025-09-28-223545-350x90.png 350w, https:\/\/camellubrificantes.com\/wp-content\/uploads\/2025\/09\/Captura-de-tela-2025-09-28-223545-480x124.png 480w\" sizes=\"(max-width: 956px) 100vw, 956px\" \/>\t\t\t\t\t\t\t\t\t\t\t\t\t\t\t<\/div>\n\t\t\t\t\t<\/div>\n\t\t\t\t<\/div>\n\t\t<div class=\"elementor-element elementor-element-f6f4520 e-flex e-con-boxed e-con e-parent\" data-id=\"f6f4520\" data-element_type=\"container\">\n\t\t\t\t\t<div class=\"e-con-inner\">\n\t\t\t\t<div class=\"elementor-element elementor-element-e45681b elementor-widget elementor-widget-button\" data-id=\"e45681b\" data-element_type=\"widget\" data-widget_type=\"button.default\">\n\t\t\t\t\t\t\t\t\t\t<a class=\"elementor-button elementor-button-link elementor-size-sm\" href=\"#\">\n\t\t\t\t\t\t<span class=\"elementor-button-content-wrapper\">\n\t\t\t\t\t\t\t\t\t<span class=\"elementor-button-text\">Clique aqui<\/span>\n\t\t\t\t\t<\/span>\n\t\t\t\t\t<\/a>\n\t\t\t\t\t\t\t\t<\/div>\n\t\t\t\t\t<\/div>\n\t\t\t\t<\/div>\n\t\t\t\t<\/div>\n\t\t","protected":false},"excerpt":{"rendered":"<p>A Camel \u00e9 uma empresa com 30 anos de trajet\u00f3ria no mercado automotivo, orgulhosamente eleita 16 vezes como a melhor troca de [&hellip;]<\/p>\n","protected":false},"author":1,"featured_media":0,"parent":0,"menu_order":0,"comment_status":"closed","ping_status":"closed","template":"","meta":{"om_disable_all_campaigns":false,"_monsterinsights_skip_tracking":false,"_monsterinsights_sitenote_active":false,"_monsterinsights_sitenote_note":"","_monsterinsights_sitenote_category":0,"footnotes":""},"class_list":["post-71","page","type-page","status-publish","hentry"],"aioseo_notices":[],"_links":{"self":[{"href":"https:\/\/camellubrificantes.com\/index.php\/wp-json\/wp\/v2\/pages\/71","targetHints":{"allow":["GET"]}}],"collection":[{"href":"https:\/\/camellubrificantes.com\/index.php\/wp-json\/wp\/v2\/pages"}],"about":[{"href":"https:\/\/camellubrificantes.com\/index.php\/wp-json\/wp\/v2\/types\/page"}],"author":[{"embeddable":true,"href":"https:\/\/camellubrificantes.com\/index.php\/wp-json\/wp\/v2\/users\/1"}],"replies":[{"embeddable":true,"href":"https:\/\/camellubrificantes.com\/index.php\/wp-json\/wp\/v2\/comments?post=71"}],"version-history":[{"count":42,"href":"https:\/\/camellubrificantes.com\/index.php\/wp-json\/wp\/v2\/pages\/71\/revisions"}],"predecessor-version":[{"id":126,"href":"https:\/\/camellubrificantes.com\/index.php\/wp-json\/wp\/v2\/pages\/71\/revisions\/126"}],"wp:attachment":[{"href":"https:\/\/camellubrificantes.com\/index.php\/wp-json\/wp\/v2\/media?parent=71"}],"curies":[{"name":"wp","href":"https:\/\/api.w.org\/{rel}","templated":true}]}}